{"id":1091,"date":"2025-05-19T13:13:10","date_gmt":"2025-05-19T16:13:10","guid":{"rendered":"https:\/\/autorodao.com.br\/?post_type=product&#038;p=1091"},"modified":"2025-05-19T15:09:41","modified_gmt":"2025-05-19T18:09:41","slug":"retrovisor-externo-honda-civic-2012-ld-le-com-pisca-original","status":"publish","type":"product","link":"https:\/\/autorodao.com.br\/index.php\/product\/retrovisor-externo-honda-civic-2012-ld-le-com-pisca-original\/","title":{"rendered":"Retrovisor externo Honda Civic 2012\/.. LD\/LE com pisca original"},"content":{"rendered":"<p>Retrovisor externo Honda Civic 2012\/.. LD\/LE com pisca original 3429<\/p>\n<p>VALOR UNIT\u00c1RIO, ap\u00f3s a compra especificar o lado da sua prefer\u00eancia<\/p>\n<p>Enviamos para todo Brasil, para mais informa\u00e7\u00f5es contate-nos pelo WhatsApp.<\/p>\n","protected":false},"excerpt":{"rendered":"<p>Retrovisor externo Honda Civic 2012\/.. LD\/LE com pisca original 3429 VALOR UNIT\u00c1RIO, ap\u00f3s a compra especificar o lado da sua prefer\u00eancia Enviamos para todo Brasil, para mais informa\u00e7\u00f5es contate-nos pelo WhatsApp.<\/p>\n","protected":false},"featured_media":1082,"comment_status":"open","ping_status":"closed","template":"","meta":{"site-sidebar-layout":"default","site-content-layout":"default","ast-site-content-layout":"default","site-content-style":"default","site-sidebar-style":"default","ast-global-header-display":"","ast-banner-title-visibility":"","ast-main-header-display":"","ast-hfb-above-header-display":"","ast-hfb-below-header-display":"","ast-hfb-mobile-header-display":"","site-post-title":"","ast-breadcrumbs-content":"","ast-featured-img":"disabled","footer-sml-layout":"","ast-disable-related-posts":"","theme-transparent-header-meta":"default","adv-header-id-meta":"","stick-header-meta":"","header-above-stick-meta":"","header-main-stick-meta":"","header-below-stick-meta":"","astra-migrate-meta-layouts":"set","ast-page-background-enabled":"default","ast-page-background-meta":{"desktop":{"background-color":"var(--ast-global-color-4)","background-image":"","background-repeat":"repeat","background-position":"center center","background-size":"auto","background-attachment":"scroll","background-type":"","background-media":"","overlay-type":"","overlay-color":"","overlay-opacity":"","overlay-gradient":""},"tablet":{"background-color":"","background-image":"","background-repeat":"repeat","background-position":"center center","background-size":"auto","background-attachment":"scroll","background-type":"","background-media":"","overlay-type":"","overlay-color":"","overlay-opacity":"","overlay-gradient":""},"mobile":{"background-color":"","background-image":"","background-repeat":"repeat","background-position":"center center","background-size":"auto","background-attachment":"scroll","background-type":"","background-media":"","overlay-type":"","overlay-color":"","overlay-opacity":"","overlay-gradient":""}},"ast-content-background-meta":{"desktop":{"background-color":"var(--ast-global-color-5)","background-image":"","background-repeat":"repeat","background-position":"center center","background-size":"auto","background-attachment":"scroll","background-type":"","background-media":"","overlay-type":"","overlay-color":"","overlay-opacity":"","overlay-gradient":""},"tablet":{"background-color":"var(--ast-global-color-5)","background-image":"","background-repeat":"repeat","background-position":"center center","background-size":"auto","background-attachment":"scroll","background-type":"","background-media":"","overlay-type":"","overlay-color":"","overlay-opacity":"","overlay-gradient":""},"mobile":{"background-color":"var(--ast-global-color-5)","background-image":"","background-repeat":"repeat","background-position":"center center","background-size":"auto","background-attachment":"scroll","background-type":"","background-media":"","overlay-type":"","overlay-color":"","overlay-opacity":"","overlay-gradient":""}},"_joinchat":[]},"product_brand":[],"product_cat":[50],"product_tag":[54,250,251,137,38,51,279],"class_list":{"0":"post-1091","1":"product","2":"type-product","3":"status-publish","4":"has-post-thumbnail","6":"product_cat-retrovisor","7":"product_tag-honda","8":"product_tag-honda-civic","9":"product_tag-hondacivicg10","10":"product_tag-lanternahonda","11":"product_tag-lanternas-traseiras","12":"product_tag-retrovisor","13":"product_tag-retrovisorhonda","14":"desktop-align-left","15":"tablet-align-left","16":"mobile-align-left","18":"first","19":"instock","20":"shipping-taxable","21":"purchasable","22":"product-type-simple"},"jetpack_sharing_enabled":true,"_links":{"self":[{"href":"https:\/\/autorodao.com.br\/index.php\/wp-json\/wp\/v2\/product\/1091","targetHints":{"allow":["GET"]}}],"collection":[{"href":"https:\/\/autorodao.com.br\/index.php\/wp-json\/wp\/v2\/product"}],"about":[{"href":"https:\/\/autorodao.com.br\/index.php\/wp-json\/wp\/v2\/types\/product"}],"replies":[{"embeddable":true,"href":"https:\/\/autorodao.com.br\/index.php\/wp-json\/wp\/v2\/comments?post=1091"}],"wp:featuredmedia":[{"embeddable":true,"href":"https:\/\/autorodao.com.br\/index.php\/wp-json\/wp\/v2\/media\/1082"}],"wp:attachment":[{"href":"https:\/\/autorodao.com.br\/index.php\/wp-json\/wp\/v2\/media?parent=1091"}],"wp:term":[{"taxonomy":"product_brand","embeddable":true,"href":"https:\/\/autorodao.com.br\/index.php\/wp-json\/wp\/v2\/product_brand?post=1091"},{"taxonomy":"product_cat","embeddable":true,"href":"https:\/\/autorodao.com.br\/index.php\/wp-json\/wp\/v2\/product_cat?post=1091"},{"taxonomy":"product_tag","embeddable":true,"href":"https:\/\/autorodao.com.br\/index.php\/wp-json\/wp\/v2\/product_tag?post=1091"}],"curies":[{"name":"wp","href":"https:\/\/api.w.org\/{rel}","templated":true}]}}