{"id":1159,"date":"2025-10-22T16:49:59","date_gmt":"2025-10-22T19:49:59","guid":{"rendered":"https:\/\/autorodao.com.br\/?post_type=product&#038;p=1159"},"modified":"2025-10-22T16:57:33","modified_gmt":"2025-10-22T19:57:33","slug":"retrovisor-ext-vw-t-cross-2018-2022-ld","status":"publish","type":"product","link":"https:\/\/autorodao.com.br\/index.php\/product\/retrovisor-ext-vw-t-cross-2018-2022-ld\/","title":{"rendered":"Retrovisor ext. VW T-Cross 2018\/2022 LD el\u00e9trico com pisca original"},"content":{"rendered":"<p>Retrovisor ext. VW T-Cross 2018\/2022 LD el\u00e9trico com pisca original<br \/>\nValor : 1200,00<\/p>\n<p>VALOR UNIT\u00c1RIO, ap\u00f3s a compra especificar o lado da sua prefer\u00eancia<\/p>\n<p>Enviamos para todo Brasil &#8211; para mais informa\u00e7\u00f5es contate-nos pelo WhatsApp.<\/p>\n","protected":false},"excerpt":{"rendered":"<p>Retrovisor ext. VW T-Cross 2018\/2022 LD el\u00e9trico com pisca original Valor : 1200,00 VALOR UNIT\u00c1RIO, ap\u00f3s a compra especificar o lado da sua prefer\u00eancia Enviamos para todo Brasil &#8211; para mais informa\u00e7\u00f5es contate-nos pelo WhatsApp.<\/p>\n","protected":false},"featured_media":1150,"comment_status":"open","ping_status":"closed","template":"","meta":{"site-sidebar-layout":"default","site-content-layout":"default","ast-site-content-layout":"default","site-content-style":"default","site-sidebar-style":"default","ast-global-header-display":"","ast-banner-title-visibility":"","ast-main-header-display":"","ast-hfb-above-header-display":"","ast-hfb-below-header-display":"","ast-hfb-mobile-header-display":"","site-post-title":"","ast-breadcrumbs-content":"","ast-featured-img":"","footer-sml-layout":"","ast-disable-related-posts":"","theme-transparent-header-meta":"default","adv-header-id-meta":"","stick-header-meta":"","header-above-stick-meta":"","header-main-stick-meta":"","header-below-stick-meta":"","astra-migrate-meta-layouts":"set","ast-page-background-enabled":"default","ast-page-background-meta":{"desktop":{"background-color":"var(--ast-global-color-4)","background-image":"","background-repeat":"repeat","background-position":"center center","background-size":"auto","background-attachment":"scroll","background-type":"","background-media":"","overlay-type":"","overlay-color":"","overlay-opacity":"","overlay-gradient":""},"tablet":{"background-color":"","background-image":"","background-repeat":"repeat","background-position":"center center","background-size":"auto","background-attachment":"scroll","background-type":"","background-media":"","overlay-type":"","overlay-color":"","overlay-opacity":"","overlay-gradient":""},"mobile":{"background-color":"","background-image":"","background-repeat":"repeat","background-position":"center center","background-size":"auto","background-attachment":"scroll","background-type":"","background-media":"","overlay-type":"","overlay-color":"","overlay-opacity":"","overlay-gradient":""}},"ast-content-background-meta":{"desktop":{"background-color":"var(--ast-global-color-5)","background-image":"","background-repeat":"repeat","background-position":"center center","background-size":"auto","background-attachment":"scroll","background-type":"","background-media":"","overlay-type":"","overlay-color":"","overlay-opacity":"","overlay-gradient":""},"tablet":{"background-color":"var(--ast-global-color-5)","background-image":"","background-repeat":"repeat","background-position":"center center","background-size":"auto","background-attachment":"scroll","background-type":"","background-media":"","overlay-type":"","overlay-color":"","overlay-opacity":"","overlay-gradient":""},"mobile":{"background-color":"var(--ast-global-color-5)","background-image":"","background-repeat":"repeat","background-position":"center center","background-size":"auto","background-attachment":"scroll","background-type":"","background-media":"","overlay-type":"","overlay-color":"","overlay-opacity":"","overlay-gradient":""}},"_joinchat":[]},"product_brand":[],"product_cat":[50],"product_tag":[128,155,123,109,67,83,122,156],"class_list":{"0":"post-1159","1":"product","2":"type-product","3":"status-publish","4":"has-post-thumbnail","6":"product_cat-retrovisor","7":"product_tag-farolnivus","8":"product_tag-faroltcross","9":"product_tag-nivus","10":"product_tag-tcross","11":"product_tag-volkswagen","12":"product_tag-vw","13":"product_tag-vwnivus","14":"product_tag-vwtcross","15":"desktop-align-left","16":"tablet-align-left","17":"mobile-align-left","19":"first","20":"instock","21":"shipping-taxable","22":"purchasable","23":"product-type-simple"},"jetpack_sharing_enabled":true,"_links":{"self":[{"href":"https:\/\/autorodao.com.br\/index.php\/wp-json\/wp\/v2\/product\/1159","targetHints":{"allow":["GET"]}}],"collection":[{"href":"https:\/\/autorodao.com.br\/index.php\/wp-json\/wp\/v2\/product"}],"about":[{"href":"https:\/\/autorodao.com.br\/index.php\/wp-json\/wp\/v2\/types\/product"}],"replies":[{"embeddable":true,"href":"https:\/\/autorodao.com.br\/index.php\/wp-json\/wp\/v2\/comments?post=1159"}],"wp:featuredmedia":[{"embeddable":true,"href":"https:\/\/autorodao.com.br\/index.php\/wp-json\/wp\/v2\/media\/1150"}],"wp:attachment":[{"href":"https:\/\/autorodao.com.br\/index.php\/wp-json\/wp\/v2\/media?parent=1159"}],"wp:term":[{"taxonomy":"product_brand","embeddable":true,"href":"https:\/\/autorodao.com.br\/index.php\/wp-json\/wp\/v2\/product_brand?post=1159"},{"taxonomy":"product_cat","embeddable":true,"href":"https:\/\/autorodao.com.br\/index.php\/wp-json\/wp\/v2\/product_cat?post=1159"},{"taxonomy":"product_tag","embeddable":true,"href":"https:\/\/autorodao.com.br\/index.php\/wp-json\/wp\/v2\/product_tag?post=1159"}],"curies":[{"name":"wp","href":"https:\/\/api.w.org\/{rel}","templated":true}]}}