{"id":829,"date":"2024-07-16T12:31:44","date_gmt":"2024-07-16T15:31:44","guid":{"rendered":"https:\/\/autorodao.com.br\/?post_type=product&#038;p=829"},"modified":"2024-08-19T23:21:45","modified_gmt":"2024-08-20T02:21:45","slug":"farol-vw-t-cross-2018-2022-mascara-negra-ld-le-sem-led-original","status":"publish","type":"product","link":"https:\/\/autorodao.com.br\/index.php\/product\/farol-vw-t-cross-2018-2022-mascara-negra-ld-le-sem-led-original\/","title":{"rendered":"Farol VW T-Cross 2018\/2022 m\u00e1scara negra LD\/LE sem led original"},"content":{"rendered":"<p>Farol VW T-Cross 2018\/2022 m\u00e1scara negra LD\/LE sem led original<br \/>\ncod 4487<\/p>\n<p>VALOR UNIT\u00c1RIO, ap\u00f3s a compra especificar o lado da sua prefer\u00eancia<\/p>\n<p>Enviamos para todo Brasil &#8211; para mais informa\u00e7\u00f5es contate-nos pelo WhatsApp.<\/p>\n","protected":false},"excerpt":{"rendered":"<p>Farol VW T-Cross 2018\/2022 m\u00e1scara negra LD\/LE sem led original cod 4487 VALOR UNIT\u00c1RIO, ap\u00f3s a compra especificar o lado da sua prefer\u00eancia Enviamos para todo Brasil &#8211; para mais informa\u00e7\u00f5es contate-nos pelo WhatsApp.<\/p>\n","protected":false},"featured_media":830,"comment_status":"open","ping_status":"closed","template":"","meta":{"site-sidebar-layout":"default","site-content-layout":"default","ast-site-content-layout":"default","site-content-style":"default","site-sidebar-style":"default","ast-global-header-display":"","ast-banner-title-visibility":"","ast-main-header-display":"","ast-hfb-above-header-display":"","ast-hfb-below-header-display":"","ast-hfb-mobile-header-display":"","site-post-title":"","ast-breadcrumbs-content":"","ast-featured-img":"","footer-sml-layout":"","ast-disable-related-posts":"","theme-transparent-header-meta":"default","adv-header-id-meta":"","stick-header-meta":"","header-above-stick-meta":"","header-main-stick-meta":"","header-below-stick-meta":"","astra-migrate-meta-layouts":"set","ast-page-background-enabled":"default","ast-page-background-meta":{"desktop":{"background-color":"var(--ast-global-color-4)","background-image":"","background-repeat":"repeat","background-position":"center center","background-size":"auto","background-attachment":"scroll","background-type":"","background-media":"","overlay-type":"","overlay-color":"","overlay-opacity":"","overlay-gradient":""},"tablet":{"background-color":"","background-image":"","background-repeat":"repeat","background-position":"center center","background-size":"auto","background-attachment":"scroll","background-type":"","background-media":"","overlay-type":"","overlay-color":"","overlay-opacity":"","overlay-gradient":""},"mobile":{"background-color":"","background-image":"","background-repeat":"repeat","background-position":"center center","background-size":"auto","background-attachment":"scroll","background-type":"","background-media":"","overlay-type":"","overlay-color":"","overlay-opacity":"","overlay-gradient":""}},"ast-content-background-meta":{"desktop":{"background-color":"var(--ast-global-color-5)","background-image":"","background-repeat":"repeat","background-position":"center center","background-size":"auto","background-attachment":"scroll","background-type":"","background-media":"","overlay-type":"","overlay-color":"","overlay-opacity":"","overlay-gradient":""},"tablet":{"background-color":"var(--ast-global-color-5)","background-image":"","background-repeat":"repeat","background-position":"center center","background-size":"auto","background-attachment":"scroll","background-type":"","background-media":"","overlay-type":"","overlay-color":"","overlay-opacity":"","overlay-gradient":""},"mobile":{"background-color":"var(--ast-global-color-5)","background-image":"","background-repeat":"repeat","background-position":"center center","background-size":"auto","background-attachment":"scroll","background-type":"","background-media":"","overlay-type":"","overlay-color":"","overlay-opacity":"","overlay-gradient":""}},"_joinchat":[]},"product_brand":[],"product_cat":[182],"product_tag":[128,155,123,109,67,83,122,156],"class_list":{"0":"post-829","1":"product","2":"type-product","3":"status-publish","4":"has-post-thumbnail","6":"product_cat-farois-vw","7":"product_tag-farolnivus","8":"product_tag-faroltcross","9":"product_tag-nivus","10":"product_tag-tcross","11":"product_tag-volkswagen","12":"product_tag-vw","13":"product_tag-vwnivus","14":"product_tag-vwtcross","15":"desktop-align-left","16":"tablet-align-left","17":"mobile-align-left","19":"first","20":"instock","21":"shipping-taxable","22":"purchasable","23":"product-type-simple"},"jetpack_sharing_enabled":true,"_links":{"self":[{"href":"https:\/\/autorodao.com.br\/index.php\/wp-json\/wp\/v2\/product\/829","targetHints":{"allow":["GET"]}}],"collection":[{"href":"https:\/\/autorodao.com.br\/index.php\/wp-json\/wp\/v2\/product"}],"about":[{"href":"https:\/\/autorodao.com.br\/index.php\/wp-json\/wp\/v2\/types\/product"}],"replies":[{"embeddable":true,"href":"https:\/\/autorodao.com.br\/index.php\/wp-json\/wp\/v2\/comments?post=829"}],"wp:featuredmedia":[{"embeddable":true,"href":"https:\/\/autorodao.com.br\/index.php\/wp-json\/wp\/v2\/media\/830"}],"wp:attachment":[{"href":"https:\/\/autorodao.com.br\/index.php\/wp-json\/wp\/v2\/media?parent=829"}],"wp:term":[{"taxonomy":"product_brand","embeddable":true,"href":"https:\/\/autorodao.com.br\/index.php\/wp-json\/wp\/v2\/product_brand?post=829"},{"taxonomy":"product_cat","embeddable":true,"href":"https:\/\/autorodao.com.br\/index.php\/wp-json\/wp\/v2\/product_cat?post=829"},{"taxonomy":"product_tag","embeddable":true,"href":"https:\/\/autorodao.com.br\/index.php\/wp-json\/wp\/v2\/product_tag?post=829"}],"curies":[{"name":"wp","href":"https:\/\/api.w.org\/{rel}","templated":true}]}}