{"id":887,"date":"2024-08-18T23:05:38","date_gmt":"2024-08-19T02:05:38","guid":{"rendered":"https:\/\/autorodao.com.br\/?post_type=product&#038;p=887"},"modified":"2024-08-18T23:14:05","modified_gmt":"2024-08-19T02:14:05","slug":"lanterna-traseira-nissan-march-2011-2016-ld-e-le-original","status":"publish","type":"product","link":"https:\/\/autorodao.com.br\/index.php\/product\/lanterna-traseira-nissan-march-2011-2016-ld-e-le-original\/","title":{"rendered":"Lanterna traseira Nissan March 2011\/2016 LD e LE original com circuito interno"},"content":{"rendered":"<p>Farol Nissan March 2014\/2020 m\u00e1scara negra LD e L\u00ca com circuito interno original<br \/>\nC\u00f3d 3101<\/p>\n<p>VALOR UNIT\u00c1RIO, ap\u00f3s a compra, escolher o lado . Dispon\u00edvel lado direito e esquerdo.<\/p>\n<p>Enviamos para todo Brasil &#8211; para mais informa\u00e7\u00f5es contate-nos pelo WhatsApp.<\/p>\n","protected":false},"excerpt":{"rendered":"<p>Farol Nissan March 2014\/2020 m\u00e1scara negra LD e L\u00ca com circuito interno original C\u00f3d 3101 VALOR UNIT\u00c1RIO, ap\u00f3s a compra, escolher o lado . Dispon\u00edvel lado direito e esquerdo. Enviamos para todo Brasil &#8211; para mais informa\u00e7\u00f5es contate-nos pelo WhatsApp.<\/p>\n","protected":false},"featured_media":890,"comment_status":"open","ping_status":"closed","template":"","meta":{"site-sidebar-layout":"default","site-content-layout":"default","ast-site-content-layout":"default","site-content-style":"default","site-sidebar-style":"default","ast-global-header-display":"","ast-banner-title-visibility":"","ast-main-header-display":"","ast-hfb-above-header-display":"","ast-hfb-below-header-display":"","ast-hfb-mobile-header-display":"","site-post-title":"","ast-breadcrumbs-content":"","ast-featured-img":"","footer-sml-layout":"","ast-disable-related-posts":"","theme-transparent-header-meta":"default","adv-header-id-meta":"","stick-header-meta":"","header-above-stick-meta":"","header-main-stick-meta":"","header-below-stick-meta":"","astra-migrate-meta-layouts":"set","ast-page-background-enabled":"default","ast-page-background-meta":{"desktop":{"background-color":"var(--ast-global-color-4)","background-image":"","background-repeat":"repeat","background-position":"center center","background-size":"auto","background-attachment":"scroll","background-type":"","background-media":"","overlay-type":"","overlay-color":"","overlay-opacity":"","overlay-gradient":""},"tablet":{"background-color":"","background-image":"","background-repeat":"repeat","background-position":"center center","background-size":"auto","background-attachment":"scroll","background-type":"","background-media":"","overlay-type":"","overlay-color":"","overlay-opacity":"","overlay-gradient":""},"mobile":{"background-color":"","background-image":"","background-repeat":"repeat","background-position":"center center","background-size":"auto","background-attachment":"scroll","background-type":"","background-media":"","overlay-type":"","overlay-color":"","overlay-opacity":"","overlay-gradient":""}},"ast-content-background-meta":{"desktop":{"background-color":"var(--ast-global-color-5)","background-image":"","background-repeat":"repeat","background-position":"center center","background-size":"auto","background-attachment":"scroll","background-type":"","background-media":"","overlay-type":"","overlay-color":"","overlay-opacity":"","overlay-gradient":""},"tablet":{"background-color":"var(--ast-global-color-5)","background-image":"","background-repeat":"repeat","background-position":"center center","background-size":"auto","background-attachment":"scroll","background-type":"","background-media":"","overlay-type":"","overlay-color":"","overlay-opacity":"","overlay-gradient":""},"mobile":{"background-color":"var(--ast-global-color-5)","background-image":"","background-repeat":"repeat","background-position":"center center","background-size":"auto","background-attachment":"scroll","background-type":"","background-media":"","overlay-type":"","overlay-color":"","overlay-opacity":"","overlay-gradient":""}},"_joinchat":[]},"product_brand":[],"product_cat":[32],"product_tag":[177,163,175,176,140],"class_list":{"0":"post-887","1":"product","2":"type-product","3":"status-publish","4":"has-post-thumbnail","6":"product_cat-lanternas","7":"product_tag-lanternanissan","8":"product_tag-lanternatraseira","9":"product_tag-march","10":"product_tag-nissanmarch","11":"product_tag-pecasautomotivasnissan","12":"desktop-align-left","13":"tablet-align-left","14":"mobile-align-left","16":"first","17":"instock","18":"shipping-taxable","19":"purchasable","20":"product-type-simple"},"jetpack_sharing_enabled":true,"_links":{"self":[{"href":"https:\/\/autorodao.com.br\/index.php\/wp-json\/wp\/v2\/product\/887","targetHints":{"allow":["GET"]}}],"collection":[{"href":"https:\/\/autorodao.com.br\/index.php\/wp-json\/wp\/v2\/product"}],"about":[{"href":"https:\/\/autorodao.com.br\/index.php\/wp-json\/wp\/v2\/types\/product"}],"replies":[{"embeddable":true,"href":"https:\/\/autorodao.com.br\/index.php\/wp-json\/wp\/v2\/comments?post=887"}],"wp:featuredmedia":[{"embeddable":true,"href":"https:\/\/autorodao.com.br\/index.php\/wp-json\/wp\/v2\/media\/890"}],"wp:attachment":[{"href":"https:\/\/autorodao.com.br\/index.php\/wp-json\/wp\/v2\/media?parent=887"}],"wp:term":[{"taxonomy":"product_brand","embeddable":true,"href":"https:\/\/autorodao.com.br\/index.php\/wp-json\/wp\/v2\/product_brand?post=887"},{"taxonomy":"product_cat","embeddable":true,"href":"https:\/\/autorodao.com.br\/index.php\/wp-json\/wp\/v2\/product_cat?post=887"},{"taxonomy":"product_tag","embeddable":true,"href":"https:\/\/autorodao.com.br\/index.php\/wp-json\/wp\/v2\/product_tag?post=887"}],"curies":[{"name":"wp","href":"https:\/\/api.w.org\/{rel}","templated":true}]}}